
{"id":6419,"date":"2025-06-03T10:51:53","date_gmt":"2025-06-03T08:51:53","guid":{"rendered":"https:\/\/paparazzi.clinic\/klinika\/?page_id=6419"},"modified":"2025-11-12T18:42:47","modified_gmt":"2025-11-12T17:42:47","slug":"zespol","status":"publish","type":"page","link":"https:\/\/paparazzi.clinic\/klinika\/zespol\/","title":{"rendered":"Zesp\u00f3\u0142"},"content":{"rendered":"\n<h2 class=\"wp-block-heading\"><\/h2>\n\n\n\n<h2 class=\"wp-block-heading\"><strong>Poznaj nasz zesp\u00f3\u0142, kt\u00f3ry tworz\u0105 do\u015bwiadczeni lekarze, kosmetolodzy oraz wykwalifikowani Concierge.<\/strong><\/h2>\n\n\n\n<p>Dbamy o najwy\u017cszy standard obs\u0142ugi. Nasi eksperci maj\u0105 wieloletnie do\u015bwiadczenie w pracy, poparte licznymi szkoleniami i certyfikatami. Zapewnimy Ci r\u00f3wnie\u017c u\u015bmiech, pyszn\u0105 kaw\u0119 oraz poczucie bezpiecze\u0144stwa i komfortu. <strong><br><\/strong><\/p>\n\n\n\n<h2 class=\"wp-block-heading has-text-align-center\"><br><strong><mark style=\"background-color:rgba(0, 0, 0, 0)\" class=\"has-inline-color has-black-color\">ZESP\u00d3\u0141 PAPARAZZI <\/mark>CLINIC<\/strong><\/h2>\n\n\n\n<figure class=\"wp-block-gallery has-nested-images columns-default is-cropped wp-block-gallery-1 is-layout-flex wp-block-gallery-is-layout-flex\">\n<figure class=\"wp-block-image size-large\"><img loading=\"lazy\" decoding=\"async\" width=\"300\" height=\"360\" data-id=\"6428\" src=\"https:\/\/paparazzi.clinic\/klinika\/wp-content\/uploads\/2025\/06\/olga-lenartowicz-warakomska.webp\" alt=\"\" class=\"wp-image-6428\" srcset=\"https:\/\/paparazzi.clinic\/klinika\/wp-content\/uploads\/2025\/06\/olga-lenartowicz-warakomska.webp 300w, https:\/\/paparazzi.clinic\/klinika\/wp-content\/uploads\/2025\/06\/olga-lenartowicz-warakomska-250x300.webp 250w\" sizes=\"auto, (max-width: 300px) 100vw, 300px\" \/><figcaption class=\"wp-element-caption\">LEK. OLGA LENARTOWICZ-WARAKOMSKA<\/figcaption><\/figure>\n\n\n\n<figure class=\"wp-block-image size-large\"><img loading=\"lazy\" decoding=\"async\" width=\"683\" height=\"1024\" data-id=\"6919\" src=\"https:\/\/paparazzi.clinic\/klinika\/wp-content\/uploads\/2025\/11\/01.AgataScislo_05.25-219-683x1024.jpg\" alt=\"\" class=\"wp-image-6919\" srcset=\"https:\/\/paparazzi.clinic\/klinika\/wp-content\/uploads\/2025\/11\/01.AgataScislo_05.25-219-683x1024.jpg 683w, https:\/\/paparazzi.clinic\/klinika\/wp-content\/uploads\/2025\/11\/01.AgataScislo_05.25-219-200x300.jpg 200w, https:\/\/paparazzi.clinic\/klinika\/wp-content\/uploads\/2025\/11\/01.AgataScislo_05.25-219-768x1152.jpg 768w, https:\/\/paparazzi.clinic\/klinika\/wp-content\/uploads\/2025\/11\/01.AgataScislo_05.25-219-1024x1536.jpg 1024w, https:\/\/paparazzi.clinic\/klinika\/wp-content\/uploads\/2025\/11\/01.AgataScislo_05.25-219-1365x2048.jpg 1365w, https:\/\/paparazzi.clinic\/klinika\/wp-content\/uploads\/2025\/11\/01.AgataScislo_05.25-219-scaled.jpg 1707w\" sizes=\"auto, (max-width: 683px) 100vw, 683px\" \/><figcaption class=\"wp-element-caption\">LEK. AGATA \u015aCIS\u0141O<\/figcaption><\/figure>\n\n\n\n<figure class=\"wp-block-image size-large\"><img loading=\"lazy\" decoding=\"async\" width=\"300\" height=\"360\" data-id=\"6433\" src=\"https:\/\/paparazzi.clinic\/klinika\/wp-content\/uploads\/2025\/06\/anna-szynkora-2.webp\" alt=\"\" class=\"wp-image-6433\" srcset=\"https:\/\/paparazzi.clinic\/klinika\/wp-content\/uploads\/2025\/06\/anna-szynkora-2.webp 300w, https:\/\/paparazzi.clinic\/klinika\/wp-content\/uploads\/2025\/06\/anna-szynkora-2-250x300.webp 250w\" sizes=\"auto, (max-width: 300px) 100vw, 300px\" \/><figcaption class=\"wp-element-caption\">ANIA<\/figcaption><\/figure>\n\n\n\n<figure class=\"wp-block-image size-large\"><img loading=\"lazy\" decoding=\"async\" width=\"300\" height=\"360\" data-id=\"6435\" src=\"https:\/\/paparazzi.clinic\/klinika\/wp-content\/uploads\/2025\/06\/natalia-czychanska-2.webp\" alt=\"\" class=\"wp-image-6435\" srcset=\"https:\/\/paparazzi.clinic\/klinika\/wp-content\/uploads\/2025\/06\/natalia-czychanska-2.webp 300w, https:\/\/paparazzi.clinic\/klinika\/wp-content\/uploads\/2025\/06\/natalia-czychanska-2-250x300.webp 250w\" sizes=\"auto, (max-width: 300px) 100vw, 300px\" \/><figcaption class=\"wp-element-caption\">NATALIA<\/figcaption><\/figure>\n\n\n\n<figure class=\"wp-block-image size-large\"><img loading=\"lazy\" decoding=\"async\" width=\"736\" height=\"1024\" data-id=\"6442\" src=\"https:\/\/paparazzi.clinic\/klinika\/wp-content\/uploads\/2025\/06\/image0-1-736x1024.jpeg\" alt=\"\" class=\"wp-image-6442\" srcset=\"https:\/\/paparazzi.clinic\/klinika\/wp-content\/uploads\/2025\/06\/image0-1-736x1024.jpeg 736w, https:\/\/paparazzi.clinic\/klinika\/wp-content\/uploads\/2025\/06\/image0-1-216x300.jpeg 216w, https:\/\/paparazzi.clinic\/klinika\/wp-content\/uploads\/2025\/06\/image0-1-768x1068.jpeg 768w, https:\/\/paparazzi.clinic\/klinika\/wp-content\/uploads\/2025\/06\/image0-1-1105x1536.jpeg 1105w, https:\/\/paparazzi.clinic\/klinika\/wp-content\/uploads\/2025\/06\/image0-1.jpeg 1170w\" sizes=\"auto, (max-width: 736px) 100vw, 736px\" \/><figcaption class=\"wp-element-caption\">KAROLINA<\/figcaption><\/figure>\n\n\n\n<figure class=\"wp-block-image size-large\"><img loading=\"lazy\" decoding=\"async\" width=\"300\" height=\"360\" data-id=\"6432\" src=\"https:\/\/paparazzi.clinic\/klinika\/wp-content\/uploads\/2025\/06\/iga-2.webp\" alt=\"\" class=\"wp-image-6432\" srcset=\"https:\/\/paparazzi.clinic\/klinika\/wp-content\/uploads\/2025\/06\/iga-2.webp 300w, https:\/\/paparazzi.clinic\/klinika\/wp-content\/uploads\/2025\/06\/iga-2-250x300.webp 250w\" sizes=\"auto, (max-width: 300px) 100vw, 300px\" \/><figcaption class=\"wp-element-caption\">IGA<\/figcaption><\/figure>\n\n\n\n<figure class=\"wp-block-image size-large\"><img loading=\"lazy\" decoding=\"async\" width=\"300\" height=\"360\" data-id=\"6436\" src=\"https:\/\/paparazzi.clinic\/klinika\/wp-content\/uploads\/2025\/06\/nina-kozlowska.jpg\" alt=\"\" class=\"wp-image-6436\" srcset=\"https:\/\/paparazzi.clinic\/klinika\/wp-content\/uploads\/2025\/06\/nina-kozlowska.jpg 300w, https:\/\/paparazzi.clinic\/klinika\/wp-content\/uploads\/2025\/06\/nina-kozlowska-250x300.jpg 250w\" sizes=\"auto, (max-width: 300px) 100vw, 300px\" \/><figcaption class=\"wp-element-caption\">NINA<\/figcaption><\/figure>\n\n\n\n<figure class=\"wp-block-image size-large\"><img loading=\"lazy\" decoding=\"async\" width=\"768\" height=\"1024\" data-id=\"6440\" src=\"https:\/\/paparazzi.clinic\/klinika\/wp-content\/uploads\/2025\/06\/image3-768x1024.png\" alt=\"\" class=\"wp-image-6440\" srcset=\"https:\/\/paparazzi.clinic\/klinika\/wp-content\/uploads\/2025\/06\/image3-768x1024.png 768w, https:\/\/paparazzi.clinic\/klinika\/wp-content\/uploads\/2025\/06\/image3-225x300.png 225w, https:\/\/paparazzi.clinic\/klinika\/wp-content\/uploads\/2025\/06\/image3-1152x1536.png 1152w, https:\/\/paparazzi.clinic\/klinika\/wp-content\/uploads\/2025\/06\/image3-1536x2048.png 1536w, https:\/\/paparazzi.clinic\/klinika\/wp-content\/uploads\/2025\/06\/image3-scaled.png 1920w\" sizes=\"auto, (max-width: 768px) 100vw, 768px\" \/><figcaption class=\"wp-element-caption\">JULIA<\/figcaption><\/figure>\n\n\n\n<figure class=\"wp-block-image size-large\"><img loading=\"lazy\" decoding=\"async\" width=\"768\" height=\"1024\" data-id=\"6439\" src=\"https:\/\/paparazzi.clinic\/klinika\/wp-content\/uploads\/2025\/06\/image2-768x1024.jpeg\" alt=\"\" class=\"wp-image-6439\" srcset=\"https:\/\/paparazzi.clinic\/klinika\/wp-content\/uploads\/2025\/06\/image2-768x1024.jpeg 768w, https:\/\/paparazzi.clinic\/klinika\/wp-content\/uploads\/2025\/06\/image2-225x300.jpeg 225w, https:\/\/paparazzi.clinic\/klinika\/wp-content\/uploads\/2025\/06\/image2-1152x1536.jpeg 1152w, https:\/\/paparazzi.clinic\/klinika\/wp-content\/uploads\/2025\/06\/image2-1536x2048.jpeg 1536w, https:\/\/paparazzi.clinic\/klinika\/wp-content\/uploads\/2025\/06\/image2-scaled.jpeg 1920w\" sizes=\"auto, (max-width: 768px) 100vw, 768px\" \/><figcaption class=\"wp-element-caption\">PAULINA<\/figcaption><\/figure>\n\n\n\n<figure class=\"wp-block-image size-large\"><img loading=\"lazy\" decoding=\"async\" width=\"300\" height=\"360\" data-id=\"6431\" src=\"https:\/\/paparazzi.clinic\/klinika\/wp-content\/uploads\/2025\/06\/ewelina-2.webp\" alt=\"\" class=\"wp-image-6431\" srcset=\"https:\/\/paparazzi.clinic\/klinika\/wp-content\/uploads\/2025\/06\/ewelina-2.webp 300w, https:\/\/paparazzi.clinic\/klinika\/wp-content\/uploads\/2025\/06\/ewelina-2-250x300.webp 250w\" sizes=\"auto, (max-width: 300px) 100vw, 300px\" \/><figcaption class=\"wp-element-caption\">EWELINA<\/figcaption><\/figure>\n\n\n\n<figure class=\"wp-block-image size-large\"><img loading=\"lazy\" decoding=\"async\" width=\"300\" height=\"360\" data-id=\"6430\" src=\"https:\/\/paparazzi.clinic\/klinika\/wp-content\/uploads\/2025\/06\/anna-pylak-3.webp\" alt=\"\" class=\"wp-image-6430\" srcset=\"https:\/\/paparazzi.clinic\/klinika\/wp-content\/uploads\/2025\/06\/anna-pylak-3.webp 300w, https:\/\/paparazzi.clinic\/klinika\/wp-content\/uploads\/2025\/06\/anna-pylak-3-250x300.webp 250w\" sizes=\"auto, (max-width: 300px) 100vw, 300px\" \/><figcaption class=\"wp-element-caption\">ANIA<\/figcaption><\/figure>\n\n\n\n<figure class=\"wp-block-image size-large\"><img loading=\"lazy\" decoding=\"async\" width=\"300\" height=\"360\" data-id=\"6434\" src=\"https:\/\/paparazzi.clinic\/klinika\/wp-content\/uploads\/2025\/06\/izabela-maj-2.jpg\" alt=\"\" class=\"wp-image-6434\" srcset=\"https:\/\/paparazzi.clinic\/klinika\/wp-content\/uploads\/2025\/06\/izabela-maj-2.jpg 300w, https:\/\/paparazzi.clinic\/klinika\/wp-content\/uploads\/2025\/06\/izabela-maj-2-250x300.jpg 250w\" sizes=\"auto, (max-width: 300px) 100vw, 300px\" \/><figcaption class=\"wp-element-caption\">IZA<\/figcaption><\/figure>\n<\/figure>\n\n\n\n<h2 class=\"wp-block-heading has-text-align-center\"> <br><strong>Tworzymy zgrany Team, dzi\u0119ki temu panuje u nas przyjazna atmosfera. Praca zespo\u0142owa to nasz najcenniejszy atut!<\/strong><\/h2>\n","protected":false},"excerpt":{"rendered":"<p>Poznaj nasz zesp\u00f3\u0142, kt\u00f3ry tworz\u0105 do\u015bwiadczeni lekarze, kosmetolodzy oraz wykwalifikowani Concierge. Dbamy o najwy\u017cszy standard..<\/p>\n","protected":false},"author":4,"featured_media":0,"parent":0,"menu_order":0,"comment_status":"closed","ping_status":"closed","template":"","meta":{"footnotes":""},"class_list":["post-6419","page","type-page","status-publish","hentry"],"yoast_head":"<!-- This site is optimized with the Yoast SEO Premium plugin v27.2 (Yoast SEO v27.2) - https:\/\/yoast.com\/product\/yoast-seo-premium-wordpress\/ -->\n<title>Zesp\u00f3\u0142 | Paparazzi Laser&amp;Beauty<\/title>\n<meta name=\"robots\" content=\"index, follow, max-snippet:-1, max-image-preview:large, max-video-preview:-1\" \/>\n<link rel=\"canonical\" href=\"https:\/\/paparazzi.clinic\/klinika\/zespol\/\" \/>\n<meta property=\"og:locale\" content=\"pl_PL\" \/>\n<meta property=\"og:type\" content=\"article\" \/>\n<meta property=\"og:title\" content=\"Zesp\u00f3\u0142\" \/>\n<meta property=\"og:description\" content=\"Poznaj nasz zesp\u00f3\u0142, kt\u00f3ry tworz\u0105 do\u015bwiadczeni lekarze, kosmetolodzy oraz wykwalifikowani Concierge. Dbamy o najwy\u017cszy standard..\" \/>\n<meta property=\"og:url\" content=\"https:\/\/paparazzi.clinic\/klinika\/zespol\/\" \/>\n<meta property=\"og:site_name\" content=\"Paparazzi Laser&amp;Beauty\" \/>\n<meta property=\"article:publisher\" content=\"https:\/\/www.facebook.com\/paparazzi.clinic\" \/>\n<meta property=\"article:modified_time\" content=\"2025-11-12T17:42:47+00:00\" \/>\n<meta property=\"og:image\" content=\"https:\/\/paparazzi.clinic\/klinika\/wp-content\/uploads\/2025\/06\/olga-lenartowicz-warakomska.webp\" \/>\n<meta name=\"twitter:card\" content=\"summary_large_image\" \/>\n<script type=\"application\/ld+json\" class=\"yoast-schema-graph\">{\"@context\":\"https:\/\/schema.org\",\"@graph\":[{\"@type\":\"WebPage\",\"@id\":\"https:\/\/paparazzi.clinic\/klinika\/zespol\/\",\"url\":\"https:\/\/paparazzi.clinic\/klinika\/zespol\/\",\"name\":\"Zesp\u00f3\u0142 | Paparazzi Laser&amp;Beauty\",\"isPartOf\":{\"@id\":\"https:\/\/paparazzi.clinic\/klinika\/#website\"},\"primaryImageOfPage\":{\"@id\":\"https:\/\/paparazzi.clinic\/klinika\/zespol\/#primaryimage\"},\"image\":{\"@id\":\"https:\/\/paparazzi.clinic\/klinika\/zespol\/#primaryimage\"},\"thumbnailUrl\":\"https:\/\/paparazzi.clinic\/klinika\/wp-content\/uploads\/2025\/06\/olga-lenartowicz-warakomska.webp\",\"datePublished\":\"2025-06-03T08:51:53+00:00\",\"dateModified\":\"2025-11-12T17:42:47+00:00\",\"breadcrumb\":{\"@id\":\"https:\/\/paparazzi.clinic\/klinika\/zespol\/#breadcrumb\"},\"inLanguage\":\"pl-PL\",\"potentialAction\":[{\"@type\":\"ReadAction\",\"target\":[\"https:\/\/paparazzi.clinic\/klinika\/zespol\/\"]}]},{\"@type\":\"ImageObject\",\"inLanguage\":\"pl-PL\",\"@id\":\"https:\/\/paparazzi.clinic\/klinika\/zespol\/#primaryimage\",\"url\":\"https:\/\/paparazzi.clinic\/klinika\/wp-content\/uploads\/2025\/06\/olga-lenartowicz-warakomska.webp\",\"contentUrl\":\"https:\/\/paparazzi.clinic\/klinika\/wp-content\/uploads\/2025\/06\/olga-lenartowicz-warakomska.webp\",\"width\":300,\"height\":360},{\"@type\":\"BreadcrumbList\",\"@id\":\"https:\/\/paparazzi.clinic\/klinika\/zespol\/#breadcrumb\",\"itemListElement\":[{\"@type\":\"ListItem\",\"position\":1,\"name\":\"Home\",\"item\":\"https:\/\/paparazzi.clinic\/klinika\/\"},{\"@type\":\"ListItem\",\"position\":2,\"name\":\"Zesp\u00f3\u0142\"}]},{\"@type\":\"WebSite\",\"@id\":\"https:\/\/paparazzi.clinic\/klinika\/#website\",\"url\":\"https:\/\/paparazzi.clinic\/klinika\/\",\"name\":\"Paparazzi Laser&amp;Beauty\",\"description\":\"szczeg\u00f3\u0142owe informacje na temat kliniki, technologii, zabieg\u00f3w\",\"publisher\":{\"@id\":\"https:\/\/paparazzi.clinic\/klinika\/#organization\"},\"potentialAction\":[{\"@type\":\"SearchAction\",\"target\":{\"@type\":\"EntryPoint\",\"urlTemplate\":\"https:\/\/paparazzi.clinic\/klinika\/?s={search_term_string}\"},\"query-input\":{\"@type\":\"PropertyValueSpecification\",\"valueRequired\":true,\"valueName\":\"search_term_string\"}}],\"inLanguage\":\"pl-PL\"},{\"@type\":\"Organization\",\"@id\":\"https:\/\/paparazzi.clinic\/klinika\/#organization\",\"name\":\"Paparazzi Laser & Beauty\",\"url\":\"https:\/\/paparazzi.clinic\/klinika\/\",\"logo\":{\"@type\":\"ImageObject\",\"inLanguage\":\"pl-PL\",\"@id\":\"https:\/\/paparazzi.clinic\/klinika\/#\/schema\/logo\/image\/\",\"url\":\"https:\/\/paparazzi.clinic\/blog\/wp-content\/uploads\/2021\/12\/paparazzi-black.webp\",\"contentUrl\":\"https:\/\/paparazzi.clinic\/blog\/wp-content\/uploads\/2021\/12\/paparazzi-black.webp\",\"width\":719,\"height\":219,\"caption\":\"Paparazzi Laser & Beauty\"},\"image\":{\"@id\":\"https:\/\/paparazzi.clinic\/klinika\/#\/schema\/logo\/image\/\"},\"sameAs\":[\"https:\/\/www.facebook.com\/paparazzi.clinic\",\"https:\/\/www.instagram.com\/paparazzi.clinic\/\"]}]}<\/script>\n<!-- \/ Yoast SEO Premium plugin. -->","yoast_head_json":{"title":"Zesp\u00f3\u0142 | Paparazzi Laser&amp;Beauty","robots":{"index":"index","follow":"follow","max-snippet":"max-snippet:-1","max-image-preview":"max-image-preview:large","max-video-preview":"max-video-preview:-1"},"canonical":"https:\/\/paparazzi.clinic\/klinika\/zespol\/","og_locale":"pl_PL","og_type":"article","og_title":"Zesp\u00f3\u0142","og_description":"Poznaj nasz zesp\u00f3\u0142, kt\u00f3ry tworz\u0105 do\u015bwiadczeni lekarze, kosmetolodzy oraz wykwalifikowani Concierge. Dbamy o najwy\u017cszy standard..","og_url":"https:\/\/paparazzi.clinic\/klinika\/zespol\/","og_site_name":"Paparazzi Laser&amp;Beauty","article_publisher":"https:\/\/www.facebook.com\/paparazzi.clinic","article_modified_time":"2025-11-12T17:42:47+00:00","og_image":[{"url":"https:\/\/paparazzi.clinic\/klinika\/wp-content\/uploads\/2025\/06\/olga-lenartowicz-warakomska.webp","type":"","width":"","height":""}],"twitter_card":"summary_large_image","schema":{"@context":"https:\/\/schema.org","@graph":[{"@type":"WebPage","@id":"https:\/\/paparazzi.clinic\/klinika\/zespol\/","url":"https:\/\/paparazzi.clinic\/klinika\/zespol\/","name":"Zesp\u00f3\u0142 | Paparazzi Laser&amp;Beauty","isPartOf":{"@id":"https:\/\/paparazzi.clinic\/klinika\/#website"},"primaryImageOfPage":{"@id":"https:\/\/paparazzi.clinic\/klinika\/zespol\/#primaryimage"},"image":{"@id":"https:\/\/paparazzi.clinic\/klinika\/zespol\/#primaryimage"},"thumbnailUrl":"https:\/\/paparazzi.clinic\/klinika\/wp-content\/uploads\/2025\/06\/olga-lenartowicz-warakomska.webp","datePublished":"2025-06-03T08:51:53+00:00","dateModified":"2025-11-12T17:42:47+00:00","breadcrumb":{"@id":"https:\/\/paparazzi.clinic\/klinika\/zespol\/#breadcrumb"},"inLanguage":"pl-PL","potentialAction":[{"@type":"ReadAction","target":["https:\/\/paparazzi.clinic\/klinika\/zespol\/"]}]},{"@type":"ImageObject","inLanguage":"pl-PL","@id":"https:\/\/paparazzi.clinic\/klinika\/zespol\/#primaryimage","url":"https:\/\/paparazzi.clinic\/klinika\/wp-content\/uploads\/2025\/06\/olga-lenartowicz-warakomska.webp","contentUrl":"https:\/\/paparazzi.clinic\/klinika\/wp-content\/uploads\/2025\/06\/olga-lenartowicz-warakomska.webp","width":300,"height":360},{"@type":"BreadcrumbList","@id":"https:\/\/paparazzi.clinic\/klinika\/zespol\/#breadcrumb","itemListElement":[{"@type":"ListItem","position":1,"name":"Home","item":"https:\/\/paparazzi.clinic\/klinika\/"},{"@type":"ListItem","position":2,"name":"Zesp\u00f3\u0142"}]},{"@type":"WebSite","@id":"https:\/\/paparazzi.clinic\/klinika\/#website","url":"https:\/\/paparazzi.clinic\/klinika\/","name":"Paparazzi Laser&amp;Beauty","description":"szczeg\u00f3\u0142owe informacje na temat kliniki, technologii, zabieg\u00f3w","publisher":{"@id":"https:\/\/paparazzi.clinic\/klinika\/#organization"},"potentialAction":[{"@type":"SearchAction","target":{"@type":"EntryPoint","urlTemplate":"https:\/\/paparazzi.clinic\/klinika\/?s={search_term_string}"},"query-input":{"@type":"PropertyValueSpecification","valueRequired":true,"valueName":"search_term_string"}}],"inLanguage":"pl-PL"},{"@type":"Organization","@id":"https:\/\/paparazzi.clinic\/klinika\/#organization","name":"Paparazzi Laser & Beauty","url":"https:\/\/paparazzi.clinic\/klinika\/","logo":{"@type":"ImageObject","inLanguage":"pl-PL","@id":"https:\/\/paparazzi.clinic\/klinika\/#\/schema\/logo\/image\/","url":"https:\/\/paparazzi.clinic\/blog\/wp-content\/uploads\/2021\/12\/paparazzi-black.webp","contentUrl":"https:\/\/paparazzi.clinic\/blog\/wp-content\/uploads\/2021\/12\/paparazzi-black.webp","width":719,"height":219,"caption":"Paparazzi Laser & Beauty"},"image":{"@id":"https:\/\/paparazzi.clinic\/klinika\/#\/schema\/logo\/image\/"},"sameAs":["https:\/\/www.facebook.com\/paparazzi.clinic","https:\/\/www.instagram.com\/paparazzi.clinic\/"]}]}},"acf":[],"_links":{"self":[{"href":"https:\/\/paparazzi.clinic\/klinika\/wp-json\/wp\/v2\/pages\/6419","targetHints":{"allow":["GET"]}}],"collection":[{"href":"https:\/\/paparazzi.clinic\/klinika\/wp-json\/wp\/v2\/pages"}],"about":[{"href":"https:\/\/paparazzi.clinic\/klinika\/wp-json\/wp\/v2\/types\/page"}],"author":[{"embeddable":true,"href":"https:\/\/paparazzi.clinic\/klinika\/wp-json\/wp\/v2\/users\/4"}],"replies":[{"embeddable":true,"href":"https:\/\/paparazzi.clinic\/klinika\/wp-json\/wp\/v2\/comments?post=6419"}],"version-history":[{"count":73,"href":"https:\/\/paparazzi.clinic\/klinika\/wp-json\/wp\/v2\/pages\/6419\/revisions"}],"predecessor-version":[{"id":6920,"href":"https:\/\/paparazzi.clinic\/klinika\/wp-json\/wp\/v2\/pages\/6419\/revisions\/6920"}],"wp:attachment":[{"href":"https:\/\/paparazzi.clinic\/klinika\/wp-json\/wp\/v2\/media?parent=6419"}],"curies":[{"name":"wp","href":"https:\/\/api.w.org\/{rel}","templated":true}]}}